{"id":8,"date":"2025-12-08T11:20:48","date_gmt":"2025-12-08T11:20:48","guid":{"rendered":"https:\/\/amiable-azure-baboon.xn--frkwebbureau-6cb.dk\/?page_id=8"},"modified":"2026-01-16T15:57:44","modified_gmt":"2026-01-16T15:57:44","slug":"kontakt","status":"publish","type":"page","link":"https:\/\/amiable-azure-baboon.xn--frkwebbureau-6cb.dk\/index.php\/kontakt\/","title":{"rendered":"Kontakt"},"content":{"rendered":"<div class=\"et_pb_section_0 et_pb_section et_section_regular et_block_section preset--module--divi-section--5ca0172d-92d0-465d-bd0d-1f5afa9d3ac6\">\n<div class=\"et_pb_row_0 et_pb_row et_pb_gutters3 et_block_row\">\n<div class=\"et_pb_column_0 et_pb_column et_pb_column_4_4 et-last-child et_block_column et_pb_css_mix_blend_mode_passthrough\">\n<div class=\"et_pb_heading_0 et_pb_heading et_pb_module et_block_module preset--module--divi-heading--9c893687-ec67-4d71-bd14-51846ddf40ec\"><div class=\"et_pb_heading_container\"><h4 class=\"et_pb_module_header\">Kontakt<\/h4><\/div><\/div>\n\n<div class=\"et_pb_heading_1 et_pb_heading et_pb_module et_block_module preset--module--divi-heading--5cc275b2-b54a-44e7-a32c-abf79622799f\"><div class=\"et_pb_heading_container\"><h1 class=\"et_pb_module_header\">Kontakt mig<\/h1><\/div><\/div>\n\n<div class=\"et_pb_contact_form_0 et_pb_contact_form_container clearfix et_pb_module et_flex_module preset--module--divi-contact-form--f1b02f35-ed39-4fa7-8df9-d5c345ab5452\" data-form_unique_num=\"0\" data-form_unique_id=\"divi\/contact-form-0\" id=\"et_pb_contact_form_0\"><div class=\"et-pb-contact-message\"><\/div><div class=\"et_pb_contact\"><form class=\"et_pb_contact_form et_flex_module\" method=\"post\" action=\"https:\/\/amiable-azure-baboon.xn--frkwebbureau-6cb.dk\/index.php\/wp-json\/wp\/v2\/pages\/8\">\n<div class=\"et_pb_contact_field_0 et_pb_contact_field et_pb_module et_flex_module et_flex_column_24_24\" data-id=\"navn\" data-type=\"input\"><label class=\"et_pb_contact_form_label\">Navn<\/label><input type=\"text\" name=\"et_pb_contact_0_navn_0\" id=\"et_pb_contact_0_navn_0\" class=\"input\" data-required_mark=\"required\" data-field_type=\"input\" data-original_id=\"navn\" placeholder=\"Navn\" title=\"\" value=\"\" \/><\/div>\n\n<div class=\"et_pb_contact_field_1 et_pb_contact_field et_pb_module et_flex_module et_flex_column_24_24\" data-id=\"e-mail\" data-type=\"email\"><label class=\"et_pb_contact_form_label\">E-mail<\/label><input type=\"text\" name=\"et_pb_contact_0_e-mail_1\" id=\"et_pb_contact_0_e-mail_1\" class=\"input\" data-required_mark=\"required\" data-field_type=\"email\" data-original_id=\"e-mail\" placeholder=\"E-mail\" title=\"\" value=\"\" \/><\/div>\n\n<div class=\"et_pb_contact_field_2 et_pb_contact_field et_pb_module et_flex_module et_flex_column_24_24\" data-id=\"besked\" data-type=\"text\"><label class=\"et_pb_contact_form_label\">Besked<\/label><textarea name=\"et_pb_contact_0_besked_2\" id=\"et_pb_contact_0_besked_2\" class=\"et_pb_contact_message input\" data-required_mark=\"required\" data-field_type=\"text\" data-original_id=\"besked\" placeholder=\"Besked\"><\/textarea><\/div>\n<input type=\"hidden\" name=\"et_pb_contactform_submit_0\" value=\"et_contact_proccess\" \/><div class=\"et_contact_bottom_container\"><div class=\"et_pb_contact_right et_pb_contact_field\"><p class=\"clearfix\"><span class=\"et_pb_contact_captcha_question\">6 + 3<\/span> = <input type=\"text\" size=\"2\" class=\"input et_pb_contact_captcha\" data-first_digit=\"6\" data-second_digit=\"3\" data-required_mark=\"required\" name=\"et_pb_contact_captcha_0\" autocomplete=\"off\" \/><\/p><\/div><div class=\"et_pb_button_wrapper\"><button type=\"submit\" name=\"et_builder_submit_button\" class=\"et_pb_button et_pb_contact_submit\">Send<\/button><\/div><\/div><input type=\"hidden\" id=\"_wpnonce-et-pb-contact-form-submitted-0\" name=\"_wpnonce-et-pb-contact-form-submitted-0\" value=\"c6cb9b4c5b\" \/><input type=\"hidden\" name=\"_wp_http_referer\" value=\"\/index.php\/wp-json\/wp\/v2\/pages\/8\" \/><\/form><\/div><\/div>\n<\/div>\n<\/div>\n\n<div class=\"et_pb_row_1 et_pb_row et_pb_gutters3 et_block_row\">\n<div class=\"et_pb_column_1 et_pb_column et_pb_column_1_3 et_block_column et_pb_css_mix_blend_mode_passthrough\">\n<div class=\"et_pb_blurb_0 et_pb_blurb et_pb_bg_layout_dark et_pb_text_align_center et_pb_blurb_position_top et_pb_module et_block_module preset--module--divi-blurb--b7803c94-927e-443d-9718-67a18695bcfd\"><div class=\"et_pb_blurb_content\"><div class=\"et_pb_main_blurb_image\"><span class=\"et_pb_image_wrap\"><span class=\"et-pb-icon et-waypoint et_pb_animation_off et_pb_animation_off_tablet et_pb_animation_off_phone\">\uf3c5<\/span><\/span><\/div><div class=\"et_pb_blurb_container\"><div class=\"et_pb_blurb_description\"><p>Ustrupvej 20, 8660 Skanderborg<\/p>\n<\/div><\/div><\/div><\/div>\n<\/div>\n\n<div class=\"et_pb_column_2 et_pb_column et_pb_column_1_3 et_block_column et_pb_css_mix_blend_mode_passthrough\">\n<div class=\"et_pb_blurb_1 et_pb_blurb et_pb_bg_layout_dark et_pb_text_align_center et_pb_blurb_position_top et_pb_module et_block_module preset--module--divi-blurb--b7803c94-927e-443d-9718-67a18695bcfd\"><div class=\"et_pb_blurb_content\"><div class=\"et_pb_main_blurb_image\"><span class=\"et_pb_image_wrap\"><span class=\"et-pb-icon et-waypoint et_pb_animation_off et_pb_animation_off_tablet et_pb_animation_off_phone\">\ue090<\/span><\/span><\/div><div class=\"et_pb_blurb_container\"><div class=\"et_pb_blurb_description\"><p><a href=\"tel:51603394\">51 60 33 94<\/a><\/p>\n<\/div><\/div><\/div><\/div>\n<\/div>\n\n<div class=\"et_pb_column_3 et_pb_column et_pb_column_1_3 et-last-child et_block_column et_pb_css_mix_blend_mode_passthrough\">\n<div class=\"et_pb_blurb_2 et_pb_blurb et_pb_bg_layout_dark et_pb_text_align_center et_pb_blurb_position_top et_pb_module et_block_module preset--module--divi-blurb--b7803c94-927e-443d-9718-67a18695bcfd\"><div class=\"et_pb_blurb_content\"><div class=\"et_pb_main_blurb_image\"><span class=\"et_pb_image_wrap\"><span class=\"et-pb-icon et-waypoint et_pb_animation_off et_pb_animation_off_tablet et_pb_animation_off_phone\">\uf0e0<\/span><\/span><\/div><div class=\"et_pb_blurb_container\"><div class=\"et_pb_blurb_description\"><p><a href=\"mailto:kontakt@faerkwebbureau.dk\">kontakt@faerkwebbureau.dk<\/a>\u00a0<\/p>\n<\/div><\/div><\/div><\/div>\n<\/div>\n<\/div>\n<\/div>\n\n<div class=\"et_pb_section_1 et_pb_section et_section_regular et_block_section et_pb_section_parallax\"><span class=\"et-pb-parallax-wrapper\"><span class=\"et-pb-parallax-background et-pb-parallax-background-module--divi-section-1\" style=\"background-image:url(https:\/\/amiable-azure-baboon.xn--frkwebbureau-6cb.dk\/wp-content\/uploads\/2025\/12\/Gemini_Generated_Image_s32c0qs32c0qs32c.png)\"><\/span><\/span>\n<div class=\"et_pb_row_2 et_pb_row et_pb_gutters3 et_block_row preset--module--divi-row--e532d522-7772-46da-a9a3-3e63299d1303\">\n<div class=\"et_pb_column_4 et_pb_column et_pb_column_4_4 et-last-child et_block_column et_pb_css_mix_blend_mode_passthrough\">\n<div class=\"et_pb_heading_2 et_pb_heading et_pb_module et_block_module preset--module--divi-heading--f227339e-7765-464e-a406-f347a16a3e1c\"><div class=\"et_pb_heading_container\"><h3 class=\"et_pb_module_header\">Klar til at tage n\u00e6ste skridt mod din nye hjemmeside?<\/h3><\/div><\/div>\n\n<div class=\"et_pb_text_0 et_pb_text et_pb_bg_layout_light et_pb_module et_block_module preset--module--divi-text--a4d5bd0b-c6df-4efa-93df-b960974f4af4\"><div class=\"et_pb_text_inner\"><p>Udfyld formularen og s\u00e5 er du et skridt n\u00e6rmere din nye, professionel hjemmeside. Du skal blot svare p\u00e5 nogle f\u00e5 sp\u00f8rgsm\u00e5l \u2013 resten tager jeg mig af. Det er enkelt og overskueligt.<\/p>\n<\/div><\/div>\n\n<div class=\"et_pb_module et_pb_button_module_wrapper et_pb_button_0_wrapper preset--module--divi-button--ec232acc-c5d4-452c-a33a-229826290fa9_wrapper\"><a class=\"et_pb_button_0 et_pb_button et_pb_bg_layout_light et_pb_module et_block_module preset--module--divi-button--ec232acc-c5d4-452c-a33a-229826290fa9\" href=\"\" data-icon=\"$\">Kom i gang<\/a><\/div>\n<\/div>\n<\/div>\n<\/div>","protected":false},"excerpt":{"rendered":"","protected":false},"author":1,"featured_media":0,"parent":0,"menu_order":0,"comment_status":"closed","ping_status":"closed","template":"","meta":{"footnotes":""},"class_list":["post-8","page","type-page","status-publish","hentry"],"_links":{"self":[{"href":"https:\/\/amiable-azure-baboon.xn--frkwebbureau-6cb.dk\/index.php\/wp-json\/wp\/v2\/pages\/8","targetHints":{"allow":["GET"]}}],"collection":[{"href":"https:\/\/amiable-azure-baboon.xn--frkwebbureau-6cb.dk\/index.php\/wp-json\/wp\/v2\/pages"}],"about":[{"href":"https:\/\/amiable-azure-baboon.xn--frkwebbureau-6cb.dk\/index.php\/wp-json\/wp\/v2\/types\/page"}],"author":[{"embeddable":true,"href":"https:\/\/amiable-azure-baboon.xn--frkwebbureau-6cb.dk\/index.php\/wp-json\/wp\/v2\/users\/1"}],"replies":[{"embeddable":true,"href":"https:\/\/amiable-azure-baboon.xn--frkwebbureau-6cb.dk\/index.php\/wp-json\/wp\/v2\/comments?post=8"}],"version-history":[{"count":8,"href":"https:\/\/amiable-azure-baboon.xn--frkwebbureau-6cb.dk\/index.php\/wp-json\/wp\/v2\/pages\/8\/revisions"}],"predecessor-version":[{"id":451,"href":"https:\/\/amiable-azure-baboon.xn--frkwebbureau-6cb.dk\/index.php\/wp-json\/wp\/v2\/pages\/8\/revisions\/451"}],"wp:attachment":[{"href":"https:\/\/amiable-azure-baboon.xn--frkwebbureau-6cb.dk\/index.php\/wp-json\/wp\/v2\/media?parent=8"}],"curies":[{"name":"wp","href":"https:\/\/api.w.org\/{rel}","templated":true}]}}