{"id":6,"date":"2025-12-08T11:20:48","date_gmt":"2025-12-08T11:20:48","guid":{"rendered":"https:\/\/amiable-azure-baboon.xn--frkwebbureau-6cb.dk\/?page_id=6"},"modified":"2026-01-16T15:57:39","modified_gmt":"2026-01-16T15:57:39","slug":"om-mig","status":"publish","type":"page","link":"https:\/\/amiable-azure-baboon.xn--frkwebbureau-6cb.dk\/index.php\/om-mig\/","title":{"rendered":"Om mig"},"content":{"rendered":"<div class=\"et_pb_section_0 et_pb_section et_section_regular et_block_section\">\n<div class=\"et_pb_row_0 et_pb_row et_pb_gutters3 et_block_row\">\n<div class=\"et_pb_column_0 et_pb_column et_pb_column_3_5 et_block_column et_pb_css_mix_blend_mode_passthrough\">\n<div class=\"et_pb_text_0 et_pb_text et_pb_bg_layout_light et_pb_module et_block_module\"><div class=\"et_pb_text_inner\"><h4>Om mig &#8211; Kamilla F\u00e6rk Nielsen<\/h4>\n<\/div><\/div>\n\n<div class=\"et_pb_text_1 et_pb_text et_pb_bg_layout_light et_pb_module et_block_module\"><div class=\"et_pb_text_inner\"><h1>Website udvikler<\/h1>\n<\/div><\/div>\n\n<div class=\"et_pb_module et_pb_button_module_wrapper et_pb_button_0_wrapper preset--module--divi-button--default_wrapper\"><a class=\"et_pb_button_0 et_pb_button et_pb_bg_layout_light et_pb_module et_block_module preset--module--divi-button--default\" href=\"\" data-icon=\"5\">Kom i gang nu<\/a><\/div>\n<\/div>\n\n<div class=\"et_pb_column_1 et_pb_column et_pb_column_2_5 et-last-child et_block_column et_pb_column_empty et_pb_css_mix_blend_mode_passthrough\"><\/div>\n<\/div>\n<\/div>\n\n<div class=\"et_pb_section_1 et_pb_section et_section_specialty et_pb_gutters3 et_block_section\"><div class=\"et_pb_row et_block_row\">\n<div class=\"et_pb_column_2 et_pb_column et_pb_column_single et_pb_column_1_2 et_block_column et_pb_css_mix_blend_mode_passthrough\">\n<div class=\"et_pb_heading_0 et_pb_heading et_pb_module et_block_module preset--module--divi-heading--0282dd0d-8e79-4977-96d2-ef98d6d3d069\"><div class=\"et_pb_heading_container\"><h2 class=\"et_pb_module_header\">Jeg g\u00f8r det nemt at f\u00e5 en professionel hjemmeside<\/h2><\/div><\/div>\n\n<div class=\"et_pb_blurb_0 et_pb_blurb et_pb_bg_layout_light et_pb_text_align_left et_pb_blurb_position_top et_pb_module et_flex_module\"><div class=\"et_pb_blurb_content et_flex_module\"><div class=\"et_pb_blurb_container\"><div class=\"et_pb_blurb_description\"><h3 data-start=\"284\" data-end=\"341\"><\/h3>\n<p data-start=\"342\" data-end=\"525\">Jeg hedder Kamilla, og jeg st\u00e5r bag F\u00e6rk Webbureau. Jeg hj\u00e6lper virksomheder med at f\u00e5 en professionel hjemmeside \u2013 uden lange processer, teknisk forvirring eller uendelige m\u00f8der.<\/p>\n<p data-start=\"527\" data-end=\"767\">Min tilgang er enkel:<br data-start=\"548\" data-end=\"551\" \/>Du udfylder en formular, og jeg tager mig af resten. Struktur, tekster, design, ops\u00e6tning, lovpligtige elementer og det tekniske bagved. Resultatet er en f\u00e6rdig hjemmeside, der fungerer \u2013 b\u00e5de for dig og dine kunder.<\/p>\n<\/div><\/div><\/div><\/div>\n\n<div class=\"et_pb_module et_pb_button_module_wrapper et_pb_button_1_wrapper preset--module--divi-button--default_wrapper\"><a class=\"et_pb_button_1 et_pb_button et_pb_bg_layout_light et_pb_module et_block_module preset--module--divi-button--default\" href=\"\" data-icon=\"5\">Kom i gang nu<\/a><\/div>\n<\/div>\n\n<div class=\"et_pb_column_3 et_pb_column et_pb_specialty_column et_pb_column_1_2 et-last-child et_block_column et_pb_css_mix_blend_mode_passthrough\">\n<div class=\"et_pb_row_inner_0 et_pb_row_inner et_pb_gutters2 et_block_row\">\n<div class=\"et_pb_column_inner_0 et_pb_column_inner et_pb_column et_pb_column_1_4 et_block_column et_pb_css_mix_blend_mode_passthrough\">\n<div class=\"et_pb_image_0 et_pb_image et_pb_module et_block_module preset--module--divi-image--da67ba06-0b57-4aa2-8cc1-fc814cab47ba\"><span class=\"et_pb_image_wrap\"><img loading=\"lazy\" decoding=\"async\" src=\"https:\/\/amiable-azure-baboon.xn--frkwebbureau-6cb.dk\/wp-content\/uploads\/2025\/12\/Smart-Clean.png\" width=\"1882\" height=\"918\" srcset=\"https:\/\/amiable-azure-baboon.xn--frkwebbureau-6cb.dk\/wp-content\/uploads\/2025\/12\/Smart-Clean.png 1882w, https:\/\/amiable-azure-baboon.xn--frkwebbureau-6cb.dk\/wp-content\/uploads\/2025\/12\/Smart-Clean-1280x624.png 1280w, https:\/\/amiable-azure-baboon.xn--frkwebbureau-6cb.dk\/wp-content\/uploads\/2025\/12\/Smart-Clean-980x478.png 980w, https:\/\/amiable-azure-baboon.xn--frkwebbureau-6cb.dk\/wp-content\/uploads\/2025\/12\/Smart-Clean-480x234.png 480w\" sizes=\"(min-width: 0px) and (max-width: 480px) 480px, (min-width: 481px) and (max-width: 980px) 980px, (min-width: 981px) and (max-width: 1280px) 1280px, (min-width: 1281px) 1882px, 100vw\" class=\"wp-image-150\" title=\"non-profit-09\" \/><\/span><\/div>\n\n<div class=\"et_pb_image_1 et_pb_image et_pb_module et_block_module preset--module--divi-image--da67ba06-0b57-4aa2-8cc1-fc814cab47ba\"><span class=\"et_pb_image_wrap\"><img loading=\"lazy\" decoding=\"async\" src=\"https:\/\/amiable-azure-baboon.xn--frkwebbureau-6cb.dk\/wp-content\/uploads\/2025\/12\/Skaermbillede-2022-12-02-155648.png\" width=\"720\" height=\"709\" srcset=\"https:\/\/amiable-azure-baboon.xn--frkwebbureau-6cb.dk\/wp-content\/uploads\/2025\/12\/Skaermbillede-2022-12-02-155648.png 720w, https:\/\/amiable-azure-baboon.xn--frkwebbureau-6cb.dk\/wp-content\/uploads\/2025\/12\/Skaermbillede-2022-12-02-155648-480x473.png 480w\" sizes=\"(min-width: 0px) and (max-width: 480px) 480px, (min-width: 481px) 720px, 100vw\" class=\"wp-image-148\" title=\"non-profit-10\" \/><\/span><\/div>\n<\/div>\n\n<div class=\"et_pb_column_inner_1 et_pb_column_inner et_pb_column et_pb_column_1_4 et-last-child et_block_column et_pb_css_mix_blend_mode_passthrough\">\n<div class=\"et_pb_image_2 et_pb_image et_pb_module et_block_module preset--module--divi-image--da67ba06-0b57-4aa2-8cc1-fc814cab47ba\"><span class=\"et_pb_image_wrap\"><img loading=\"lazy\" decoding=\"async\" src=\"https:\/\/amiable-azure-baboon.xn--frkwebbureau-6cb.dk\/wp-content\/uploads\/2025\/12\/Hjemmeside.png\" width=\"288\" height=\"214\" sizes=\"(max-width: 288px) 100vw, 288px\" class=\"wp-image-145\" title=\"non-profit-04\" \/><\/span><\/div>\n\n<div class=\"et_pb_image_3 et_pb_image et_pb_module et_block_module preset--module--divi-image--da67ba06-0b57-4aa2-8cc1-fc814cab47ba\"><span class=\"et_pb_image_wrap\"><img loading=\"lazy\" decoding=\"async\" src=\"https:\/\/amiable-azure-baboon.xn--frkwebbureau-6cb.dk\/wp-content\/uploads\/2026\/01\/web-developer-10.jpg\" width=\"800\" height=\"900\" srcset=\"https:\/\/amiable-azure-baboon.xn--frkwebbureau-6cb.dk\/wp-content\/uploads\/2026\/01\/web-developer-10.jpg 800w, https:\/\/amiable-azure-baboon.xn--frkwebbureau-6cb.dk\/wp-content\/uploads\/2026\/01\/web-developer-10-480x540.jpg 480w\" sizes=\"(min-width: 0px) and (max-width: 480px) 480px, (min-width: 481px) 800px, 100vw\" class=\"wp-image-361\" title=\"non-profit-05\" \/><\/span><\/div>\n<\/div>\n<\/div>\n<\/div>\n<\/div><\/div>\n\n<div class=\"et_pb_section_2 et_pb_section et_section_regular et_block_section\">\n<div class=\"et_pb_row_1 et_pb_row et_pb_equal_columns et_pb_gutters3 et_block_row\">\n<div class=\"et_pb_column_4 et_pb_column et_pb_column_1_2 et_block_column et_pb_css_mix_blend_mode_passthrough\">\n<div class=\"et_pb_text_2 et_pb_text et_pb_bg_layout_light et_pb_module et_block_module\"><div class=\"et_pb_text_inner\"><h2>Derfor arbejder jeg, som jeg g\u00f8r<\/h2>\n<\/div><\/div>\n\n<div class=\"et_pb_divider_0 et_pb_divider et_pb_space et_pb_divider_position_top et_pb_module preset--module--divi-divider--default\"><div class=\"et_pb_divider_internal\"><\/div><\/div>\n\n<div class=\"et_pb_blurb_1 et_pb_blurb et_pb_bg_layout_light et_pb_text_align_right et_pb_blurb_position_top et_pb_module et_flex_module\"><div class=\"et_pb_blurb_content et_flex_module\"><div class=\"et_pb_blurb_container\"><div class=\"et_pb_blurb_description\"><p data-start=\"815\" data-end=\"1058\">Jeg har set mange virksomheder bruge un\u00f8dvendigt meget tid og energi p\u00e5 hjemmesider. Enten fordi processen bliver for kompleks, eller fordi man hele tiden skal tage stilling til tekniske detaljer, man ikke har lyst til at forholde sig til.<\/p>\n<p data-start=\"1060\" data-end=\"1241\">Derfor har jeg skabt en fast hjemmeside-pakke, hvor alt det v\u00e6sentlige er t\u00e6nkt ind p\u00e5 forh\u00e5nd. Det g\u00f8r processen hurtigere, mere overskuelig og langt mere behagelig \u2013 for os begge.<\/p>\n<\/div><\/div><\/div><\/div>\n<\/div>\n\n<div class=\"et_pb_column_5 et_pb_column et_pb_column_1_2 et-last-child et_block_column et_pb_css_mix_blend_mode_passthrough\">\n<div class=\"et_pb_heading_1 et_pb_heading et_pb_module et_flex_module\"><div class=\"et_pb_heading_container\"><h1 class=\"et_pb_module_header\">F\u00e6rk Webbureau er for dig, der:<\/h1><\/div><\/div>\n\n<div class=\"et_pb_blurb_2 et_pb_blurb et_pb_bg_layout_light et_pb_text_align_left et_pb_blurb_position_left et_pb_module et_block_module\"><div class=\"et_pb_blurb_content\"><div class=\"et_pb_main_blurb_image\"><span class=\"et_pb_image_wrap\"><span class=\"et-pb-icon et-waypoint et_pb_animation_off et_pb_animation_off_tablet et_pb_animation_off_phone\">\ue052<\/span><\/span><\/div><div class=\"et_pb_blurb_container\"><h4 class=\"et_pb_module_header\">gerne vil have en professionel hjemmeside uden besv\u00e6r<\/h4><\/div><\/div><\/div>\n\n<div class=\"et_pb_blurb_3 et_pb_blurb et_pb_bg_layout_light et_pb_text_align_left et_pb_blurb_position_left et_pb_module et_block_module\"><div class=\"et_pb_blurb_content\"><div class=\"et_pb_main_blurb_image\"><span class=\"et_pb_image_wrap\"><span class=\"et-pb-icon et-waypoint et_pb_animation_off et_pb_animation_off_tablet et_pb_animation_off_phone\">\ue052<\/span><\/span><\/div><div class=\"et_pb_blurb_container\"><h4 class=\"et_pb_module_header\">ikke har lyst til at s\u00e6tte dig ind i WordPress, hosting eller GDPR<\/h4><\/div><\/div><\/div>\n\n<div class=\"et_pb_blurb_4 et_pb_blurb et_pb_bg_layout_light et_pb_text_align_left et_pb_blurb_position_left et_pb_module et_block_module\"><div class=\"et_pb_blurb_content\"><div class=\"et_pb_main_blurb_image\"><span class=\"et_pb_image_wrap\"><span class=\"et-pb-icon et-waypoint et_pb_animation_off et_pb_animation_off_tablet et_pb_animation_off_phone\">\ue052<\/span><\/span><\/div><div class=\"et_pb_blurb_container\"><h4 class=\"et_pb_module_header\">foretr\u00e6kker klare rammer og faste priser<\/h4><\/div><\/div><\/div>\n\n<div class=\"et_pb_blurb_5 et_pb_blurb et_pb_bg_layout_light et_pb_text_align_left et_pb_blurb_position_left et_pb_module et_block_module\"><div class=\"et_pb_blurb_content\"><div class=\"et_pb_main_blurb_image\"><span class=\"et_pb_image_wrap\"><span class=\"et-pb-icon et-waypoint et_pb_animation_off et_pb_animation_off_tablet et_pb_animation_off_phone\">\ue052<\/span><\/span><\/div><div class=\"et_pb_blurb_container\"><h4 class=\"et_pb_module_header\">\u00f8nsker et f\u00e6rdigt resultat frem for en lang proces<\/h4><\/div><\/div><\/div>\n\n<div class=\"et_pb_module et_pb_button_module_wrapper et_pb_button_2_wrapper preset--module--divi-button--default_wrapper\"><a class=\"et_pb_button_2 et_pb_button et_pb_bg_layout_light et_pb_module et_block_module preset--module--divi-button--default\" href=\"\" data-icon=\"5\">Kom i gang nu<\/a><\/div>\n<\/div>\n<\/div>\n<\/div>\n\n<div class=\"et_pb_section_3 et_pb_section et_section_regular et_block_section\">\n<div class=\"et_pb_row_2 et_pb_row et_pb_gutters3 et_block_row\">\n<div class=\"et_pb_column_6 et_pb_column et_pb_column_4_4 et-last-child et_block_column et_pb_css_mix_blend_mode_passthrough\">\n<div class=\"et_pb_heading_2 et_pb_heading et_pb_module et_block_module preset--module--divi-heading--0282dd0d-8e79-4977-96d2-ef98d6d3d069\"><div class=\"et_pb_heading_container\"><h2 class=\"et_pb_module_header\">S\u00e5dan arbejder jeg<\/h2><\/div><\/div>\n<\/div>\n<\/div>\n\n<div class=\"et_pb_row_3 et_pb_row et_pb_gutters3 et_block_row\">\n<div class=\"et_pb_column_7 et_pb_column et_pb_column_1_2 et_block_column et_pb_css_mix_blend_mode_passthrough\">\n<div class=\"et_pb_blurb_6 et_pb_blurb et_pb_bg_layout_light et_pb_text_align_left et_pb_blurb_position_top et_pb_module et_flex_module\"><div class=\"et_pb_blurb_content et_flex_module\"><div class=\"et_pb_blurb_container\"><div class=\"et_pb_blurb_description\"><p data-start=\"1690\" data-end=\"1929\">Jeg arbejder struktureret og effektivt, med fokus p\u00e5 at minimere behovet for frem og tilbage. Formularen er kernen i samarbejdet og sikrer, at jeg f\u00e5r alle de oplysninger, jeg skal bruge for at kunne bygge din hjemmeside korrekt fra start.<\/p>\n<p data-start=\"1931\" data-end=\"2033\">Hvis du har behov for ekstra funktioner eller indhold, kan du v\u00e6lge til \u2013 ellers holder vi det enkelt.<\/p>\n<\/div><\/div><\/div><\/div>\n\n<div class=\"et_pb_module et_pb_button_module_wrapper et_pb_button_3_wrapper preset--module--divi-button--default_wrapper\"><a class=\"et_pb_button_3 et_pb_button et_pb_bg_layout_light et_pb_module et_block_module preset--module--divi-button--default\" href=\"\" data-icon=\"5\">Kom i gang nu<\/a><\/div>\n<\/div>\n\n<div class=\"et_pb_column_8 et_pb_column et_pb_column_1_2 et-last-child et_block_column et_pb_css_mix_blend_mode_passthrough\">\n<div class=\"et_pb_image_4 et_pb_image et_pb_module et_block_module preset--module--divi-image--da67ba06-0b57-4aa2-8cc1-fc814cab47ba\"><span class=\"et_pb_image_wrap\"><img loading=\"lazy\" decoding=\"async\" src=\"https:\/\/amiable-azure-baboon.xn--frkwebbureau-6cb.dk\/wp-content\/uploads\/2026\/01\/home-office-12.jpg\" width=\"400\" height=\"300\" srcset=\"https:\/\/amiable-azure-baboon.xn--frkwebbureau-6cb.dk\/wp-content\/uploads\/2026\/01\/home-office-12.jpg 400w, https:\/\/amiable-azure-baboon.xn--frkwebbureau-6cb.dk\/wp-content\/uploads\/2026\/01\/home-office-12-300x225.jpg 300w\" sizes=\"(max-width: 400px) 100vw, 400px\" class=\"wp-image-405\" title=\"non-profit-05\" \/><\/span><\/div>\n<\/div>\n<\/div>\n<\/div>\n\n<div class=\"et_pb_section_4 et_pb_section et_section_regular et_block_section\">\n<div class=\"et_pb_row_4 et_pb_row et_pb_gutters3 et_block_row\">\n<div class=\"et_pb_column_9 et_pb_column et_pb_column_4_4 et-last-child et_block_column et_pb_css_mix_blend_mode_passthrough\">\n<div class=\"et_pb_heading_3 et_pb_heading et_pb_module et_block_module preset--module--divi-heading--0282dd0d-8e79-4977-96d2-ef98d6d3d069\"><div class=\"et_pb_heading_container\"><h2 class=\"et_pb_module_header\">Mit m\u00e5l med din hjemmeside<\/h2><\/div><\/div>\n<\/div>\n<\/div>\n\n<div class=\"et_pb_row_5 et_pb_row et_pb_equal_columns et_pb_gutters3 et_block_row\">\n<div class=\"et_pb_column_10 et_pb_column et_pb_column_1_3 et_block_column et_pb_css_mix_blend_mode_passthrough preset--module--divi-column--b7833b95-2e9d-4a64-a14a-e265ab475b11\">\n<div class=\"et_pb_blurb_7 et_pb_blurb et_pb_bg_layout_dark et_pb_text_align_center et_pb_blurb_position_top et_pb_module et_block_module preset--module--divi-blurb--b7803c94-927e-443d-9718-67a18695bcfd\"><div class=\"et_pb_blurb_content\"><div class=\"et_pb_main_blurb_image\"><span class=\"et_pb_image_wrap\"><span class=\"et-pb-icon et-waypoint et_pb_animation_off et_pb_animation_off_tablet et_pb_animation_off_phone\">\uf5bb<\/span><\/span><\/div><div class=\"et_pb_blurb_container\"><h4 class=\"et_pb_module_header\">Din hjemmeside er tiltalende for dig og dine kunder<\/h4><\/div><\/div><\/div>\n<\/div>\n\n<div class=\"et_pb_column_11 et_pb_column et_pb_column_1_3 et_block_column et_pb_css_mix_blend_mode_passthrough preset--module--divi-column--b2afa376-ca13-4be9-8294-3d2b586e8a03\">\n<div class=\"et_pb_blurb_8 et_pb_blurb et_pb_bg_layout_dark et_pb_text_align_center et_pb_blurb_position_top et_pb_module et_block_module preset--module--divi-blurb--b7803c94-927e-443d-9718-67a18695bcfd\"><div class=\"et_pb_blurb_content\"><div class=\"et_pb_main_blurb_image\"><span class=\"et_pb_image_wrap\"><span class=\"et-pb-icon et-waypoint et_pb_animation_off et_pb_animation_off_tablet et_pb_animation_off_phone\">\uf0e3<\/span><\/span><\/div><div class=\"et_pb_blurb_container\"><h4 class=\"et_pb_module_header\">Din hjemmeside lever op til g\u00e6ldende lovgivning<\/h4><\/div><\/div><\/div>\n<\/div>\n\n<div class=\"et_pb_column_12 et_pb_column et_pb_column_1_3 et-last-child et_block_column et_pb_css_mix_blend_mode_passthrough preset--module--divi-column--2f76e078-1bb7-4996-84f0-517e6af7b639\">\n<div class=\"et_pb_blurb_9 et_pb_blurb et_pb_bg_layout_dark et_pb_text_align_center et_pb_blurb_position_top et_pb_module et_block_module preset--module--divi-blurb--b7803c94-927e-443d-9718-67a18695bcfd\"><div class=\"et_pb_blurb_content\"><div class=\"et_pb_main_blurb_image\"><span class=\"et_pb_image_wrap\"><span class=\"et-pb-icon et-waypoint et_pb_animation_off et_pb_animation_off_tablet et_pb_animation_off_phone\">0<\/span><\/span><\/div><div class=\"et_pb_blurb_container\"><h4 class=\"et_pb_module_header\">Din hjemmeside kan udvides ved behov<\/h4><\/div><\/div><\/div>\n<\/div>\n<\/div>\n<\/div>\n\n<div class=\"et_pb_section_5 et_pb_section et_section_regular et_block_section et_pb_section_parallax\"><span class=\"et-pb-parallax-wrapper\"><span class=\"et-pb-parallax-background et-pb-parallax-background--css et-pb-parallax-background-module--divi-section-5\" style=\"background-image:url(https:\/\/amiable-azure-baboon.xn--frkwebbureau-6cb.dk\/wp-content\/uploads\/2026\/01\/corporate_02.jpeg)\"><\/span><\/span>\n<div class=\"et_pb_row_6 et_pb_row et_pb_gutters3 et_block_row\">\n<div class=\"et_pb_column_13 et_pb_column et_pb_column_1_2 et_block_column et_pb_css_mix_blend_mode_passthrough preset--module--divi-column--b7833b95-2e9d-4a64-a14a-e265ab475b11\">\n<div class=\"et_pb_heading_4 et_pb_heading et_pb_module et_block_module preset--module--divi-heading--f227339e-7765-464e-a406-f347a16a3e1c\"><div class=\"et_pb_heading_container\"><h3 class=\"et_pb_module_header\">Klar til at komme i gang?<\/h3><\/div><\/div>\n\n<div class=\"et_pb_text_3 et_pb_text et_pb_bg_layout_light et_pb_module et_block_module preset--module--divi-text--a4d5bd0b-c6df-4efa-93df-b960974f4af4\"><div class=\"et_pb_text_inner\"><p data-start=\"2367\" data-end=\"2461\">Hvis du kan lide en enkel proces, klare rammer og en fast pris, er du landet det rigtige sted.<\/p>\n<p data-start=\"2463\" data-end=\"2518\">Udfyld formularen, og lad mig tage h\u00e5nd om resten.<\/p>\n<\/div><\/div>\n\n<div class=\"et_pb_module et_pb_button_module_wrapper et_pb_button_4_wrapper preset--module--divi-button--default_wrapper\"><a class=\"et_pb_button_4 et_pb_button et_pb_bg_layout_light et_pb_module et_block_module preset--module--divi-button--default\" href=\"\" data-icon=\"5\">Kom i gang nu<\/a><\/div>\n<\/div>\n\n<div class=\"et_pb_column_14 et_pb_column et_pb_column_1_2 et-last-child et_block_column et_pb_column_empty et_pb_css_mix_blend_mode_passthrough\"><\/div>\n<\/div>\n<\/div>\n\n<div class=\"et_pb_section_6 et_pb_section et_section_regular et_flex_section\"><\/div>","protected":false},"excerpt":{"rendered":"","protected":false},"author":1,"featured_media":0,"parent":0,"menu_order":0,"comment_status":"closed","ping_status":"closed","template":"","meta":{"footnotes":""},"class_list":["post-6","page","type-page","status-publish","hentry"],"_links":{"self":[{"href":"https:\/\/amiable-azure-baboon.xn--frkwebbureau-6cb.dk\/index.php\/wp-json\/wp\/v2\/pages\/6","targetHints":{"allow":["GET"]}}],"collection":[{"href":"https:\/\/amiable-azure-baboon.xn--frkwebbureau-6cb.dk\/index.php\/wp-json\/wp\/v2\/pages"}],"about":[{"href":"https:\/\/amiable-azure-baboon.xn--frkwebbureau-6cb.dk\/index.php\/wp-json\/wp\/v2\/types\/page"}],"author":[{"embeddable":true,"href":"https:\/\/amiable-azure-baboon.xn--frkwebbureau-6cb.dk\/index.php\/wp-json\/wp\/v2\/users\/1"}],"replies":[{"embeddable":true,"href":"https:\/\/amiable-azure-baboon.xn--frkwebbureau-6cb.dk\/index.php\/wp-json\/wp\/v2\/comments?post=6"}],"version-history":[{"count":11,"href":"https:\/\/amiable-azure-baboon.xn--frkwebbureau-6cb.dk\/index.php\/wp-json\/wp\/v2\/pages\/6\/revisions"}],"predecessor-version":[{"id":450,"href":"https:\/\/amiable-azure-baboon.xn--frkwebbureau-6cb.dk\/index.php\/wp-json\/wp\/v2\/pages\/6\/revisions\/450"}],"wp:attachment":[{"href":"https:\/\/amiable-azure-baboon.xn--frkwebbureau-6cb.dk\/index.php\/wp-json\/wp\/v2\/media?parent=6"}],"curies":[{"name":"wp","href":"https:\/\/api.w.org\/{rel}","templated":true}]}}