{"id":16,"date":"2025-12-08T11:20:48","date_gmt":"2025-12-08T11:20:48","guid":{"rendered":"https:\/\/amiable-azure-baboon.xn--frkwebbureau-6cb.dk\/?page_id=16"},"modified":"2026-01-16T10:22:56","modified_gmt":"2026-01-16T10:22:56","slug":"priser","status":"publish","type":"page","link":"https:\/\/amiable-azure-baboon.xn--frkwebbureau-6cb.dk\/index.php\/priser\/","title":{"rendered":"Priser"},"content":{"rendered":"<div class=\"et_pb_section_0 et_pb_section et_section_regular et_block_section\">\n<div class=\"et_pb_row_0 et_pb_row et_pb_gutters3 et_block_row\">\n<div class=\"et_pb_column_0 et_pb_column et_pb_column_4_4 et-last-child et_block_column et_pb_css_mix_blend_mode_passthrough\">\n<div class=\"et_pb_text_0 et_pb_text et_pb_bg_layout_light et_pb_module et_block_module\"><div class=\"et_pb_text_inner\"><h4>Priser<\/h4>\n<\/div><\/div>\n\n<div class=\"et_pb_text_1 et_pb_text et_pb_bg_layout_light et_pb_module et_block_module\"><div class=\"et_pb_text_inner\"><h2>F\u00e5 den komplette hjemmeside<\/h2>\n<\/div><\/div>\n\n<div class=\"et_pb_text_2 et_pb_text et_pb_bg_layout_light et_pb_module et_block_module\"><div class=\"et_pb_text_inner\"><p data-start=\"331\" data-end=\"630\">For kun <strong data-start=\"352\" data-end=\"377\">4.999 kr. ekskl. moms<\/strong> f\u00e5r du en komplet hjemmeside, der d\u00e6kker alt, du har brug for: op til 6 sider, tekster, billeder, kontaktformular, GDPR-compliance, hosting og meget mere. Alt bliver h\u00e5ndteret fra start til slut \u2013 du skal kun udfylde formularen, s\u00e5 klarer jeg resten.<\/p>\n<p data-start=\"632\" data-end=\"804\">Hvis du \u00f8nsker yderligere funktioner eller tilpasninger, kan du tilf\u00f8je ekstra tilvalg, s\u00e5 hjemmesiden passer pr\u00e6cist til din forretning. Du betaler kun for det, du v\u00e6lger.<\/p>\n<\/div><\/div>\n<\/div>\n<\/div>\n\n<div class=\"et_pb_row_1 et_pb_row et_pb_gutters3 et_block_row\">\n<div class=\"et_pb_column_1 et_pb_column et_pb_column_4_4 et-last-child et_block_column et_pb_css_mix_blend_mode_passthrough\">\n<div class=\"et_pb_module et_pb_button_module_wrapper et_pb_button_0_wrapper preset--module--divi-button--default_wrapper\"><a class=\"et_pb_button_0 et_pb_button et_pb_bg_layout_light et_pb_module et_block_module preset--module--divi-button--default\" href=\"\" data-icon=\"5\">Kom i gang nu<\/a><\/div>\n<\/div>\n<\/div>\n<\/div>\n\n<div class=\"et_pb_section_1 et_pb_section et_section_regular et_block_section\">\n<div class=\"et_pb_row_2 et_pb_row et_pb_gutters3 et_block_row\">\n<div class=\"et_pb_column_2 et_pb_column et_pb_column_4_4 et-last-child et_block_column et_pb_css_mix_blend_mode_passthrough\">\n<div class=\"et_pb_heading_0 et_pb_heading et_pb_module et_block_module preset--module--divi-heading--9c893687-ec67-4d71-bd14-51846ddf40ec\"><div class=\"et_pb_heading_container\"><h4 class=\"et_pb_module_header\">Priser for den komplette hjemmesidepakke<\/h4><\/div><\/div>\n<\/div>\n<\/div>\n\n<div class=\"et_pb_row_3 et_pb_row et_pb_gutters3 et_block_row\">\n<div class=\"et_pb_column_3 et_pb_column et_pb_column_1_2 et_block_column et_pb_css_mix_blend_mode_passthrough\">\n<div class=\"et_pb_image_0 et_pb_image et_animated et_pb_module et_block_module\"><span class=\"et_pb_image_wrap\"><img loading=\"lazy\" decoding=\"async\" src=\"https:\/\/amiable-azure-baboon.xn--frkwebbureau-6cb.dk\/wp-content\/uploads\/2026\/01\/ipad-2.32.01-PM.png\" width=\"864\" height=\"1287\" srcset=\"https:\/\/amiable-azure-baboon.xn--frkwebbureau-6cb.dk\/wp-content\/uploads\/2026\/01\/ipad-2.32.01-PM.png 864w, https:\/\/amiable-azure-baboon.xn--frkwebbureau-6cb.dk\/wp-content\/uploads\/2026\/01\/ipad-2.32.01-PM-480x715.png 480w\" sizes=\"(min-width: 0px) and (max-width: 480px) 480px, (min-width: 481px) 864px, 100vw\" class=\"wp-image-403\" \/><\/span><\/div>\n<\/div>\n\n<div class=\"et_pb_column_4 et_pb_column et_pb_column_1_2 et-last-child et_block_column et_pb_css_mix_blend_mode_passthrough\">\n<div class=\"et_pb_text_3 et_pb_text et_pb_bg_layout_light et_animated et_pb_module et_block_module\"><div class=\"et_pb_text_inner\"><p>Med denne pakke f\u00e5r du alt, du beh\u00f8ver for at komme online professionelt og hurtigt \u2013 uden skjulte gebyrer eller overraskelser.\u00a0<strong data-start=\"1416\" data-end=\"1429\"><\/strong><\/p>\n<p>&nbsp;<\/p>\n<h3 data-start=\"866\" data-end=\"933\">For kun 4.999 kr. ekskl. moms f\u00e5r du:<\/h3>\n<\/div><\/div>\n\n<ul class=\"et_pb_icon_list_0 et_pb_icon_list et_pb_module et_flex_module\">\n<li class=\"et_pb_icon_list_item_0 et_pb_icon_list_item et_pb_module et_flex_module\"><span class=\"et-pb-icon\">\ue052<\/span><div class=\"et_pb_icon_list_text\">Op til 6 sider<\/div><\/li>\n\n<li class=\"et_pb_icon_list_item_1 et_pb_icon_list_item et_pb_module et_flex_module\"><span class=\"et-pb-icon\">\ue052<\/span><div class=\"et_pb_icon_list_text\">Tekster p\u00e5 alle sider<\/div><\/li>\n\n<li class=\"et_pb_icon_list_item_2 et_pb_icon_list_item et_pb_module et_flex_module\"><span class=\"et-pb-icon\">\ue052<\/span><div class=\"et_pb_icon_list_text\">Bygget i WordPress<\/div><\/li>\n\n<li class=\"et_pb_icon_list_item_3 et_pb_icon_list_item et_pb_module et_flex_module\"><span class=\"et-pb-icon\">\ue052<\/span><div class=\"et_pb_icon_list_text\">GDPR-compliant (cookie-banner, privatlivspolitik og cookiepolitik)<\/div><\/li>\n\n<li class=\"et_pb_icon_list_item_4 et_pb_icon_list_item et_pb_module et_flex_module\"><span class=\"et-pb-icon\">\ue052<\/span><div class=\"et_pb_icon_list_text\">Kontaktformular<\/div><\/li>\n\n<li class=\"et_pb_icon_list_item_5 et_pb_icon_list_item et_pb_module et_flex_module\"><span class=\"et-pb-icon\">\ue052<\/span><div class=\"et_pb_icon_list_text\">Billeder (dine egne og\/eller fra billedarkiv)<\/div><\/li>\n\n<li class=\"et_pb_icon_list_item_6 et_pb_icon_list_item et_pb_module et_flex_module\"><span class=\"et-pb-icon\">\ue052<\/span><div class=\"et_pb_icon_list_text\">Mulighed for hosting<\/div><\/li>\n\n<li class=\"et_pb_icon_list_item_7 et_pb_icon_list_item et_pb_module et_flex_module\"><span class=\"et-pb-icon\">\ue052<\/span><div class=\"et_pb_icon_list_text\">Mulighed for drift og support<\/div><\/li>\n<\/ul>\n<\/div>\n<\/div>\n<\/div>\n\n<div class=\"et_pb_section_2 et_pb_section et_section_regular et_block_section\">\n<div class=\"et_pb_row_4 et_pb_row et_pb_gutters3 et_block_row\">\n<div class=\"et_pb_column_5 et_pb_column et_pb_column_4_4 et-last-child et_block_column et_pb_css_mix_blend_mode_passthrough\">\n<div class=\"et_pb_heading_1 et_pb_heading et_pb_module et_block_module\"><div class=\"et_pb_heading_container\"><h2 class=\"et_pb_module_header\">Priser for ekstra tilvalg<\/h2><\/div><\/div>\n<\/div>\n<\/div>\n\n<div class=\"et_pb_row_5 et_pb_row et_flex_row\">\n<div class=\"et_pb_column_6 et_pb_column et_flex_column et_pb_css_mix_blend_mode_passthrough et_flex_column_12_24 et_flex_column_12_24_tablet et_flex_column_24_24_phone\">\n<div class=\"et_pb_blurb_0 et_pb_blurb et_pb_bg_layout_light et_pb_text_align_center et_pb_blurb_position_top et_pb_module et_flex_module\"><div class=\"et_pb_blurb_content et_flex_module\"><div class=\"et_pb_blurb_container\"><h3 class=\"et_pb_module_header\">Drift &#038; support<\/h3><div class=\"et_pb_blurb_description\"><p data-start=\"1261\" data-end=\"1349\">Drift-abonnement (hosting, backup og rettelser ved tekniske fejl):<br \/><strong data-start=\"1328\" data-end=\"1347\">199 kr.\/md.<\/strong><\/p>\n<p data-start=\"1352\" data-end=\"1390\">Klippekort \u2013 10 timer:<br \/><strong data-start=\"1375\" data-end=\"1388\">4.200 kr.<\/strong><\/p>\n<p data-start=\"1393\" data-end=\"1431\">Klippekort \u2013 15 timer:<br \/><strong data-start=\"1416\" data-end=\"1429\">5.400 kr.<\/strong><\/p>\n<\/div><\/div><\/div><\/div>\n\n<div class=\"et_pb_image_1 et_pb_image et_pb_module et_flex_module\"><span class=\"et_pb_image_wrap\"><img loading=\"lazy\" decoding=\"async\" src=\"https:\/\/amiable-azure-baboon.xn--frkwebbureau-6cb.dk\/wp-content\/uploads\/2026\/01\/home-office-11.jpg\" width=\"400\" height=\"300\" srcset=\"https:\/\/amiable-azure-baboon.xn--frkwebbureau-6cb.dk\/wp-content\/uploads\/2026\/01\/home-office-11.jpg 400w, https:\/\/amiable-azure-baboon.xn--frkwebbureau-6cb.dk\/wp-content\/uploads\/2026\/01\/home-office-11-300x225.jpg 300w\" sizes=\"(max-width: 400px) 100vw, 400px\" class=\"wp-image-409\" \/><\/span><\/div>\n<\/div>\n\n<div class=\"et_pb_column_7 et_pb_column et-last-child et_flex_column et_pb_css_mix_blend_mode_passthrough et_flex_column_12_24 et_flex_column_12_24_tablet et_flex_column_24_24_phone\">\n<div class=\"et_pb_text_4 et_pb_text et_pb_bg_layout_light et_pb_module et_flex_module\"><div class=\"et_pb_text_inner\"><h3 data-start=\"299\" data-end=\"324\">Indhold &amp; tekst<\/h3>\n<ul>\n<li style=\"list-style-type: none;\">\n<ul data-start=\"325\" data-end=\"616\">\n<li data-start=\"325\" data-end=\"363\">\n<p data-start=\"327\" data-end=\"363\">Ekstra sider: <strong data-start=\"341\" data-end=\"361\">500 kr. pr. side<\/strong><\/p>\n<\/li>\n<li data-start=\"364\" data-end=\"400\">\n<p data-start=\"366\" data-end=\"400\">Ops\u00e6tning af blog: <strong data-start=\"385\" data-end=\"398\">1.000 kr.<\/strong><\/p>\n<\/li>\n<li data-start=\"401\" data-end=\"458\">\n<p data-start=\"403\" data-end=\"458\">3 antal f\u00e6rdige blogindl\u00e6g: <strong data-start=\"443\" data-end=\"456\">1.200 kr.<\/strong><\/p>\n<\/li>\n<li data-start=\"459\" data-end=\"536\">\n<p data-start=\"461\" data-end=\"536\">SEO-basis (sidetitler, overskrifter og korte beskrivelser): <strong data-start=\"521\" data-end=\"534\">1.000 kr.<\/strong><\/p>\n<\/li>\n<li data-start=\"537\" data-end=\"616\">\n<p data-start=\"539\" data-end=\"616\">Kundeudtalelser (ops\u00e6tning af afsnit med dine egne udtalelser): <strong data-start=\"603\" data-end=\"614\">500 kr.<\/strong><\/p>\n<\/li>\n<\/ul>\n<\/li>\n<\/ul>\n<h3 data-start=\"623\" data-end=\"649\"><\/h3>\n<h3 data-start=\"623\" data-end=\"649\">Billeder &amp; video<\/h3>\n<ul>\n<li style=\"list-style-type: none;\">\n<ul data-start=\"650\" data-end=\"817\">\n<li data-start=\"650\" data-end=\"730\">\n<p data-start=\"652\" data-end=\"730\">Enkel billedredigering (besk\u00e6ring, farvetilpasning): <strong data-start=\"705\" data-end=\"728\">250 kr. pr. billede<\/strong><\/p>\n<\/li>\n<li data-start=\"731\" data-end=\"817\">\n<p data-start=\"733\" data-end=\"817\">Enkel videoredigering (klip, lydjustering, farvetilpasning): <strong data-start=\"794\" data-end=\"815\">500 kr. pr. video<\/strong><\/p>\n<\/li>\n<\/ul>\n<\/li>\n<\/ul>\n<h3 data-start=\"824\" data-end=\"847\"><\/h3>\n<h3 data-start=\"824\" data-end=\"847\">Integrationer<\/h3>\n<ul>\n<li style=\"list-style-type: none;\">\n<ul data-start=\"848\" data-end=\"1226\">\n<li data-start=\"848\" data-end=\"908\">\n<p data-start=\"850\" data-end=\"908\">Social medie feed: <strong data-start=\"895\" data-end=\"906\">1.200 kr.<\/strong><\/p>\n<\/li>\n<li data-start=\"909\" data-end=\"993\">\n<p data-start=\"911\" data-end=\"993\">Bookingsystem (ops\u00e6tning inkl. ydelser og automatisk bekr\u00e6ftelse): <strong data-start=\"978\" data-end=\"991\">2.800 kr.<\/strong><\/p>\n<\/li>\n<li data-start=\"994\" data-end=\"1052\">\n<p data-start=\"996\" data-end=\"1052\">Nyhedsbrev (tilmelding og grundops\u00e6tning): <strong data-start=\"1039\" data-end=\"1050\">800 kr.<\/strong><\/p>\n<\/li>\n<li data-start=\"1053\" data-end=\"1081\">\n<p data-start=\"1055\" data-end=\"1081\">Google Maps: <strong data-start=\"1068\" data-end=\"1079\">500 kr.<\/strong><\/p>\n<\/li>\n<li data-start=\"1082\" data-end=\"1152\">\n<p data-start=\"1084\" data-end=\"1152\">Fil-downloads (ops\u00e6tning af PDF\u2019er eller andre filer): <strong data-start=\"1139\" data-end=\"1150\">400 kr.<\/strong><\/p>\n<\/li>\n<li data-start=\"1153\" data-end=\"1226\">\n<p data-start=\"1155\" data-end=\"1226\">FAQ-afsnit (fold-ud sektion til ofte stillede sp\u00f8rgsm\u00e5l): <strong data-start=\"1213\" data-end=\"1224\">500 kr.<\/strong><\/p>\n<\/li>\n<\/ul>\n<\/li>\n<\/ul>\n<\/div><\/div>\n<\/div>\n<\/div>\n<\/div>\n\n<div class=\"et_pb_section_3 et_pb_section et_section_regular et_block_section\">\n<div class=\"et_pb_row_6 et_pb_row et_flex_row et_pb_row_fullwidth\">\n<div class=\"et_pb_column_8 et_pb_column et_flex_column et_pb_css_mix_blend_mode_passthrough et_flex_column_12_24 et_flex_column_12_24_tablet et_flex_column_24_24_phone\">\n<div class=\"et_pb_text_5 et_pb_text et_pb_bg_layout_light et_animated et_pb_module et_block_module\"><div class=\"et_pb_text_inner\"><h2>Har du s\u00e6rlige \u00f8nsker?<\/h2>\n<\/div><\/div>\n\n<div class=\"et_pb_text_6 et_pb_text et_pb_bg_layout_light et_animated et_pb_module et_block_module\"><div class=\"et_pb_text_inner\"><p>Hvis du \u00f8nsker funktioner, der ikke er d\u00e6kket af pakken eller tilvalgene, kan jeg lave en skr\u00e6ddersyet l\u00f8sning til dig. Kontakt mig, s\u00e5 finder vi sammen en l\u00f8sning og en pris, der passer pr\u00e6cist til din virksomhed.<\/p>\n<\/div><\/div>\n\n<div class=\"et_pb_module et_pb_button_module_wrapper et_pb_button_1_wrapper preset--module--divi-button--default_wrapper\"><a class=\"et_pb_button_1 et_pb_button et_pb_bg_layout_light et_pb_module et_block_module preset--module--divi-button--default\" href=\"\" data-icon=\"5\">Kontakt<\/a><\/div>\n<\/div>\n\n<div class=\"et_pb_column_9 et_pb_column et-last-child et_flex_column et_pb_css_mix_blend_mode_passthrough et_flex_column_12_24 et_flex_column_12_24_tablet et_flex_column_24_24_phone\">\n<div class=\"et_pb_image_2 et_pb_image et_animated et_pb_module et_block_module\"><span class=\"et_pb_image_wrap\"><img loading=\"lazy\" decoding=\"async\" src=\"https:\/\/amiable-azure-baboon.xn--frkwebbureau-6cb.dk\/wp-content\/uploads\/2026\/01\/MB-purefront-03-1.png\" width=\"1080\" height=\"618\" srcset=\"https:\/\/amiable-azure-baboon.xn--frkwebbureau-6cb.dk\/wp-content\/uploads\/2026\/01\/MB-purefront-03-1.png 1080w, https:\/\/amiable-azure-baboon.xn--frkwebbureau-6cb.dk\/wp-content\/uploads\/2026\/01\/MB-purefront-03-1-980x561.png 980w, https:\/\/amiable-azure-baboon.xn--frkwebbureau-6cb.dk\/wp-content\/uploads\/2026\/01\/MB-purefront-03-1-480x275.png 480w\" sizes=\"(min-width: 0px) and (max-width: 480px) 480px, (min-width: 481px) and (max-width: 980px) 980px, (min-width: 981px) 1080px, 100vw\" class=\"wp-image-410\" \/><\/span><\/div>\n<\/div>\n<\/div>\n<\/div>","protected":false},"excerpt":{"rendered":"","protected":false},"author":1,"featured_media":0,"parent":0,"menu_order":0,"comment_status":"closed","ping_status":"closed","template":"","meta":{"footnotes":""},"class_list":["post-16","page","type-page","status-publish","hentry"],"_links":{"self":[{"href":"https:\/\/amiable-azure-baboon.xn--frkwebbureau-6cb.dk\/index.php\/wp-json\/wp\/v2\/pages\/16","targetHints":{"allow":["GET"]}}],"collection":[{"href":"https:\/\/amiable-azure-baboon.xn--frkwebbureau-6cb.dk\/index.php\/wp-json\/wp\/v2\/pages"}],"about":[{"href":"https:\/\/amiable-azure-baboon.xn--frkwebbureau-6cb.dk\/index.php\/wp-json\/wp\/v2\/types\/page"}],"author":[{"embeddable":true,"href":"https:\/\/amiable-azure-baboon.xn--frkwebbureau-6cb.dk\/index.php\/wp-json\/wp\/v2\/users\/1"}],"replies":[{"embeddable":true,"href":"https:\/\/amiable-azure-baboon.xn--frkwebbureau-6cb.dk\/index.php\/wp-json\/wp\/v2\/comments?post=16"}],"version-history":[{"count":23,"href":"https:\/\/amiable-azure-baboon.xn--frkwebbureau-6cb.dk\/index.php\/wp-json\/wp\/v2\/pages\/16\/revisions"}],"predecessor-version":[{"id":428,"href":"https:\/\/amiable-azure-baboon.xn--frkwebbureau-6cb.dk\/index.php\/wp-json\/wp\/v2\/pages\/16\/revisions\/428"}],"wp:attachment":[{"href":"https:\/\/amiable-azure-baboon.xn--frkwebbureau-6cb.dk\/index.php\/wp-json\/wp\/v2\/media?parent=16"}],"curies":[{"name":"wp","href":"https:\/\/api.w.org\/{rel}","templated":true}]}}